{"id":1148,"date":"2015-04-07T09:43:35","date_gmt":"2015-04-07T09:43:35","guid":{"rendered":"http:\/\/www.ewazygalska.de\/?page_id=1148"},"modified":"2025-10-22T12:18:53","modified_gmt":"2025-10-22T12:18:53","slug":"bibliografie","status":"publish","type":"page","link":"http:\/\/www.ewazygalska.de\/?page_id=1148","title":{"rendered":"<small>bibliography<\/small>"},"content":{"rendered":"\n<figure class=\"wp-block-image size-large is-resized\"><a href=\"http:\/\/www.ewazygalska.de\/wp-content\/uploads\/2023\/07\/A_1030711-web-1a-scaled.jpg\"><img loading=\"lazy\" decoding=\"async\" width=\"1024\" height=\"670\" src=\"http:\/\/www.ewazygalska.de\/wp-content\/uploads\/2023\/07\/A_1030711-web-1a-1024x670.jpg\" alt=\"\" class=\"wp-image-3742\" style=\"width:675px;height:441px\" srcset=\"http:\/\/www.ewazygalska.de\/wp-content\/uploads\/2023\/07\/A_1030711-web-1a-1024x670.jpg 1024w, http:\/\/www.ewazygalska.de\/wp-content\/uploads\/2023\/07\/A_1030711-web-1a-300x196.jpg 300w, http:\/\/www.ewazygalska.de\/wp-content\/uploads\/2023\/07\/A_1030711-web-1a-768x503.jpg 768w, http:\/\/www.ewazygalska.de\/wp-content\/uploads\/2023\/07\/A_1030711-web-1a-2048x1341.jpg 2048w, http:\/\/www.ewazygalska.de\/wp-content\/uploads\/2023\/07\/A_1030711-web-1a-624x408.jpg 624w\" sizes=\"auto, (max-width: 1024px) 100vw, 1024px\" \/><\/a><\/figure>\n\n\n\n<p><\/p>\n\n\n\n<figure class=\"wp-block-image size-large is-resized\"><a href=\"http:\/\/www.ewazygalska.de\/wp-content\/uploads\/2025\/10\/Buch-2025.jpg\"><img loading=\"lazy\" decoding=\"async\" width=\"1024\" height=\"736\" src=\"http:\/\/www.ewazygalska.de\/wp-content\/uploads\/2025\/10\/Buch-2025-1024x736.jpg\" alt=\"\" class=\"wp-image-4027\" style=\"width:348px;height:auto\" srcset=\"http:\/\/www.ewazygalska.de\/wp-content\/uploads\/2025\/10\/Buch-2025-1024x736.jpg 1024w, http:\/\/www.ewazygalska.de\/wp-content\/uploads\/2025\/10\/Buch-2025-300x216.jpg 300w, http:\/\/www.ewazygalska.de\/wp-content\/uploads\/2025\/10\/Buch-2025-768x552.jpg 768w, http:\/\/www.ewazygalska.de\/wp-content\/uploads\/2025\/10\/Buch-2025-1536x1103.jpg 1536w, http:\/\/www.ewazygalska.de\/wp-content\/uploads\/2025\/10\/Buch-2025-624x448.jpg 624w, http:\/\/www.ewazygalska.de\/wp-content\/uploads\/2025\/10\/Buch-2025.jpg 1772w\" sizes=\"auto, (max-width: 1024px) 100vw, 1024px\" \/><\/a><\/figure>\n\n\n\n<p><\/p>\n\n\n\n<p class=\"has-medium-gray-color has-text-color has-link-color wp-elements-84b46d36021e6d75ed926e0da19a5b7e\"><em>Ewa Stawiarska-Zygalska nahm im Jahr 2012 an der Ausstellung \u201eHier und Jetzt\u201c im Gustav-L\u00fcbcke-Museum in Hamm teil. Dr. Diana Lenz-Weber war stellvertretende Direktorin des Museums und Kuratorin der Ausstellung. Sie ist Verfasserin des Essays \u00fcber das mehr als 40-j\u00e4hrige k\u00fcnstlerische Schaffen von Ewa Stawiarska-Zygalska. Darin geht es um ihre Dialoge mit der Natur und der Architektur, um die Eroberung des Dreidimensionalen, um ihre Faszination f\u00fcr Licht und Schatten, um die Linie als Leitmotiv, darum, wie sie das Papier ritzt und schneidet und um die Zeichnung, welche f\u00fcr sie von elementarer Bedeutung ist. Die Publikation wird durch einen umfangreichen Bildfundus und Stawiarska-Zygalskas lyrische Texte erg\u00e4nzt.<\/em><\/p>\n\n\n\n<p>Verlag: buch.one Verlag Offsetdruckerei Grammlich, 2025<\/p>\n\n\n\n<p>ISBN: 978-3-69133-004-5<\/p>\n\n\n\n<p>Umfang:&nbsp;&nbsp;212 Seiten<\/p>\n\n\n\n<p>Auflage:&nbsp;&nbsp; 1<\/p>\n\n\n\n<p>Sprache:&nbsp; Deutsch<br>&nbsp;<\/p>\n\n\n\n<hr class=\"wp-block-separator has-css-opacity\"\/>\n\n\n\n<p>T:  That is why we live<\/p>\n\n\n\n<figure class=\"wp-block-image is-resized\"><a href=\"http:\/\/www.ewazygalska.de\/wp-content\/uploads\/2015\/04\/Dlatego04a.jpg\"><img loading=\"lazy\" decoding=\"async\" width=\"211\" height=\"300\" src=\"http:\/\/www.ewazygalska.de\/wp-content\/uploads\/2015\/04\/Dlatego04a-211x300.jpg\" alt=\"Dlatego04a\" class=\"wp-image-1021\" style=\"width:211px;height:300px\" srcset=\"http:\/\/www.ewazygalska.de\/wp-content\/uploads\/2015\/04\/Dlatego04a-211x300.jpg 211w, http:\/\/www.ewazygalska.de\/wp-content\/uploads\/2015\/04\/Dlatego04a.jpg 599w\" sizes=\"auto, (max-width: 211px) 100vw, 211px\" \/><\/a><\/figure>\n\n\n\n<p>ISBN 3-931845-78-7<\/p>\n\n\n\n<figure class=\"wp-block-image\"><img loading=\"lazy\" decoding=\"async\" width=\"150\" height=\"150\" src=\"http:\/\/www.ewazygalska.de\/wp-content\/uploads\/2016\/08\/ewa1ziel-150x150.jpg\" alt=\"\" class=\"wp-image-1675\"\/><\/figure>\n\n\n\n<hr class=\"wp-block-separator has-css-opacity\"\/>\n\n\n\n<p><a href=\"http:\/\/www.ewazygalska.de\/wp-content\/uploads\/2016\/08\/INTERNATIONAL-ART-TRIENNIAL-SZEKSZAD-HUNGARY.pdf\">INTERNATIONAL ART TRIENNIAL, SZEKSZARD, HUNGARY<\/a><\/p>\n\n\n\n<p><a href=\"http:\/\/www.ewazygalska.de\/wp-content\/uploads\/2016\/09\/International-Mini-Print-Exhibition-2016-Tokyo-Kyoto-Osaka.pdf\">International Mini Print Exhibition 2016 (Tokyo-Kyoto-Osaka)<\/a><\/p>\n\n\n\n<p><\/p>\n\n\n\n<div class=\"wp-block-file\"><a id=\"wp-block-file--media-68d85213-6574-4ed4-b1dd-e9c5fd2ac188\" href=\"http:\/\/www.ewazygalska.de\/wp-content\/uploads\/2019\/04\/detail_exposition_triennale.pdf\">detail_exposition_triennale<\/a><a href=\"http:\/\/www.ewazygalska.de\/wp-content\/uploads\/2019\/04\/detail_exposition_triennale.pdf\" class=\"wp-block-file__button wp-element-button\" download aria-describedby=\"wp-block-file--media-68d85213-6574-4ed4-b1dd-e9c5fd2ac188\">Herunterladen<\/a><\/div>\n\n\n\n<div data-wp-interactive=\"core\/file\" class=\"wp-block-file alignleft\"><object data-wp-bind--hidden=\"!state.hasPdfPreview\" hidden class=\"wp-block-file__embed\" data=\"http:\/\/www.ewazygalska.de\/wp-content\/uploads\/2020\/03\/GLM_Einladungksarte_DINlang.pdf\" type=\"application\/pdf\" style=\"width:100%;height:470px\" aria-label=\"Einbettung von GLM_Einladungksarte_DINlang.\"><\/object><a id=\"wp-block-file--media-9e0b2aac-04aa-4695-830a-5165f9f4ee73\" href=\"http:\/\/www.ewazygalska.de\/wp-content\/uploads\/2020\/03\/GLM_Einladungksarte_DINlang.pdf\" target=\"_blank\" rel=\"noreferrer noopener\">GLM_Einladungksarte_DINlang<\/a><a href=\"http:\/\/www.ewazygalska.de\/wp-content\/uploads\/2020\/03\/GLM_Einladungksarte_DINlang.pdf\" class=\"wp-block-file__button wp-element-button\" download aria-describedby=\"wp-block-file--media-9e0b2aac-04aa-4695-830a-5165f9f4ee73\">Herunterladen<\/a><\/div>\n\n\n\n<p><\/p>\n\n\n\n<figure class=\"wp-block-image size-large is-resized\"><a href=\"http:\/\/www.ewazygalska.de\/wp-content\/uploads\/2023\/01\/Hamm-Sammlung-1.jpg\"><img loading=\"lazy\" decoding=\"async\" width=\"1024\" height=\"768\" src=\"http:\/\/www.ewazygalska.de\/wp-content\/uploads\/2023\/01\/Hamm-Sammlung-1-1024x768.jpg\" alt=\"\" class=\"wp-image-3656\" style=\"width:597px;height:448px\" srcset=\"http:\/\/www.ewazygalska.de\/wp-content\/uploads\/2023\/01\/Hamm-Sammlung-1-1024x768.jpg 1024w, http:\/\/www.ewazygalska.de\/wp-content\/uploads\/2023\/01\/Hamm-Sammlung-1-300x225.jpg 300w, http:\/\/www.ewazygalska.de\/wp-content\/uploads\/2023\/01\/Hamm-Sammlung-1-768x576.jpg 768w, http:\/\/www.ewazygalska.de\/wp-content\/uploads\/2023\/01\/Hamm-Sammlung-1-1536x1152.jpg 1536w, http:\/\/www.ewazygalska.de\/wp-content\/uploads\/2023\/01\/Hamm-Sammlung-1-2048x1536.jpg 2048w, http:\/\/www.ewazygalska.de\/wp-content\/uploads\/2023\/01\/Hamm-Sammlung-1-624x468.jpg 624w\" sizes=\"auto, (max-width: 1024px) 100vw, 1024px\" \/><\/a><\/figure>\n\n\n\n<p>V.009.18_softblatt_rendering_graphit, kohle, kreide auf papier, linearschnitt, kaschiert auf papier 130 cm x 185 cm _ Gustav- L\u00fcbcke- Museum, Hamm<\/p>\n","protected":false},"excerpt":{"rendered":"<p>Ewa Stawiarska-Zygalska nahm im Jahr 2012 an der Ausstellung \u201eHier und Jetzt\u201c im Gustav-L\u00fcbcke-Museum in Hamm teil. Dr. Diana Lenz-Weber war stellvertretende Direktorin des Museums und Kuratorin der Ausstellung. Sie ist Verfasserin des Essays \u00fcber das mehr als 40-j\u00e4hrige k\u00fcnstlerische Schaffen von Ewa Stawiarska-Zygalska. Darin geht es um ihre Dialoge mit der Natur und der [&hellip;]<\/p>\n","protected":false},"author":1,"featured_media":0,"parent":0,"menu_order":0,"comment_status":"closed","ping_status":"closed","template":"page-templates\/full-width.php","meta":{"footnotes":""},"class_list":["post-1148","page","type-page","status-publish","hentry"],"_links":{"self":[{"href":"http:\/\/www.ewazygalska.de\/index.php?rest_route=\/wp\/v2\/pages\/1148","targetHints":{"allow":["GET"]}}],"collection":[{"href":"http:\/\/www.ewazygalska.de\/index.php?rest_route=\/wp\/v2\/pages"}],"about":[{"href":"http:\/\/www.ewazygalska.de\/index.php?rest_route=\/wp\/v2\/types\/page"}],"author":[{"embeddable":true,"href":"http:\/\/www.ewazygalska.de\/index.php?rest_route=\/wp\/v2\/users\/1"}],"replies":[{"embeddable":true,"href":"http:\/\/www.ewazygalska.de\/index.php?rest_route=%2Fwp%2Fv2%2Fcomments&post=1148"}],"version-history":[{"count":69,"href":"http:\/\/www.ewazygalska.de\/index.php?rest_route=\/wp\/v2\/pages\/1148\/revisions"}],"predecessor-version":[{"id":4037,"href":"http:\/\/www.ewazygalska.de\/index.php?rest_route=\/wp\/v2\/pages\/1148\/revisions\/4037"}],"wp:attachment":[{"href":"http:\/\/www.ewazygalska.de\/index.php?rest_route=%2Fwp%2Fv2%2Fmedia&parent=1148"}],"curies":[{"name":"wp","href":"https:\/\/api.w.org\/{rel}","templated":true}]}}